{"id":214,"date":"2016-11-21T20:47:51","date_gmt":"2016-11-21T20:47:51","guid":{"rendered":"http:\/\/rovinjhr.lin53.host25.com\/?page_id=214"},"modified":"2017-07-07T11:11:12","modified_gmt":"2017-07-07T09:11:12","slug":"rovinjsko-selo","status":"publish","type":"page","link":"https:\/\/www.rovinj-rovigno.hr\/it\/rovigno\/hrvatski-rovinjsko-selo\/","title":{"rendered":"Villa di Rovigno"},"content":{"rendered":"<p><img decoding=\"async\" loading=\"lazy\" class=\"foto-lijeva alignnone wp-image-4056 size-full\" src=\"http:\/\/www.rovinj-rovigno.hr\/wp-content\/uploads\/2016\/11\/ziza.gif\" alt=\"\" width=\"133\" height=\"177\" \/>Sulla strada Rovigno &#8211; Canfanaro, a 5-6 km da Rovigno, si trova l&#8217;abitato di Villa di Rovigno, dalle cui colline si pu\u00f2 ammirare uno stupendo panorama della citt\u00e0 di Rovigno e del suo arcipelago.<br \/>\nOggi, Villa di Rovigno \u00e8 in continuo sviluppo e, a poco a poco, sta diventando sobborgo di Rovigno. Su un chilometro quadrato di superficie, fino ad oggi sono state costruite circa 400 case.<\/p>\n<p><img decoding=\"async\" loading=\"lazy\" class=\"foto-desna alignnone wp-image-4055 size-full\" src=\"http:\/\/www.rovinj-rovigno.hr\/wp-content\/uploads\/2016\/11\/vrtic.jpg\" alt=\"\" width=\"170\" height=\"121\" \/>Quelle pi\u00f9 vecchie, sono raggruppate in varie localit\u00e0 (Rudelici, Cupici, Morovi, Vicani &#8211; e portano i nomi delle famiglie che vi abitavano diverse decine di anni fa) e sono un bell&#8217;esempio di architettura rurale del XIX e XX secolo.<\/p>\n<p>Quasi tutte sono state ristrutturate. Le vecchie case sono bellissime costruzioni a pianterreno oppure ad un piano, con ballatoio e cisterna, nonch\u00e9 con il giardino avente il muro di cinta nell&#8217;ambito del quale si pu\u00f2 ancora trovare qualche centenario forno per il pane. Le nuove case sono incorporate all&#8217;interno del vecchio nucleo storico oppure ai margini dell&#8217;abitato. Sono collegate con viuzze, dalla parte destra e sinistra della strada principale dell&#8217;abitato, e continuano lungo il sentiero verso le campagne recintate con muri a secco.<\/p>\n<p><img decoding=\"async\" loading=\"lazy\" class=\"foto-lijeva alignnone wp-image-4054 size-full\" src=\"http:\/\/www.rovinj-rovigno.hr\/wp-content\/uploads\/2016\/11\/obitelj.gif\" alt=\"\" width=\"133\" height=\"205\" \/>Villa di Rovigno, sparpagliata sulle alture e nel canale che va dal colle di Kanastrak verso Rovigno, attorniata dal verde, possiede tutta l&#8217;infrastruttura necessaria per una vita tranquilla e gradevole fuori citt\u00e0, e allo stesso tempo \u00e8 cosi vicina sia alla citt\u00e0 che al mare.<br \/>\nA Villa di Rovigno vivono circa 700 abitanti, mentre d&#8217;estate, con la presenza dei turisti, sono molti di pi\u00f9. La maggior parte degli abitanti lavora nelle vicine Rovigno e Pola, mentre gli altri vivono e lavorano a Villa di Rovigno, occupandosi di artigianato, commercio e agricoltura, oppure si godono la meritata pensione.<\/p>\n<p><strong>STORIA<\/strong><\/p>\n<p>Le tracce preistoriche delle colonie &#8211; castellieri sulle alture nei dintorni di Rovigno le troviamo in diverse localit\u00e0 (totale 24 siti archeologici), tra le quali Gomila, Gradina, Kanastrak. Gumila, collina sul versante orientale di Villa di Rovigno, oggi \u00e8 un grande cumulo di macerie. Anche al tempo dei Romani c&#8217;era vita nel circondario (Karojba, Luzina). Tuttavia, solo Villa di Rovigno \u00e8 sorta nel medioevo.<\/p>\n<p><img decoding=\"async\" loading=\"lazy\" class=\"foto-desna alignnone wp-image-4053 size-full\" src=\"http:\/\/www.rovinj-rovigno.hr\/wp-content\/uploads\/2016\/11\/krusna-pe.jpg\" alt=\"\" width=\"170\" height=\"129\" \/>\u00c8 stata fondata nel 1525 da un gruppo di immigrati, chiamati Morlacchi, ma sicuramente, in base ai nomi nei documenti (Bankovic, Zorzic, Vratovic, Staric) di stirpe Slava, organizzati in istituzioni rurali con a capo lo zupano. Esaminando i documenti scritti si \u00e8 visto che si trattava di immigrati croati provenienti dal territorio zaratino, che fuggendo dagli attacchi dei Turchi, e con il permesso di Venezia, si sono stabiliti sull&#8217;odierno territorio di Villa di Rovigno. Dagli scritti antichi veniamo a sapere che spesso muovevano causa al Capitolo rovignese, sia per le questioni riguardanti l&#8217;obbligo di donazioni alla citt\u00e0, per i danni causati dal loro bestiame, oppure per questioni riguardanti la nomina del sacerdote che conoscesse la lingua e la scrittura illirica e che celebrasse le funzioni religiose in lingua slava. Lo zupano rappresentava il villaggio nei rapporti con il comune e il Capitolo di Rovigno; inoltrava le rimostranze a nome degli abitanti, conduceva le trattative, stipulava gli accordi, teneva conto del mantenimento dell&#8217;ordine e della quiete pubblica tra gli abitanti, controllava la salute delle persone e notificava il manifestarsi di malattie infettive. Lo zupano veniva eletto tra gli abitanti pi\u00f9 capaci e pi\u00f9 illustri, all&#8217;inizio per 3 mesi e in seguito per un anno, e veniva confermato dal comune rovignese ovvero dal podest\u00e0.<\/p>\n<p>Con la caduta della Repubblica di Venezia e dopo le guerre napoleoniche, Villa di Rovigno con il resto dell&#8217;Istria viene annessa alla monarchia austriaca.<\/p>\n<p><img decoding=\"async\" loading=\"lazy\" class=\"foto-lijeva alignnone wp-image-4052 size-full\" src=\"http:\/\/www.rovinj-rovigno.hr\/wp-content\/uploads\/2016\/11\/izlozba.jpg\" alt=\"\" width=\"170\" height=\"135\" \/>Nel 1876 a Villa di Rovigno arriva il giovane maestro Stjepan Ziza, nativo del villaggio di Kosinozici, vicino a Villanova, nel Parentino. Questo grande personaggio del risorgimento nazionale istriano, raccoglitore del tesoro popolare, delle tradizioni e delle poesie popolari, ha introdotto nella scuola l&#8217;insegnamento della lingua croata (nel 1844 \u00e8 stata aperta la scuola elementare croata), e ha contribuito all&#8217;istruzione di Villa di Rovigno e alla fondazione di societ\u00e0 culturali. Grazie a lui nel 1898 \u00e8 stata aperta a Villa di Rovigno la Sala di lettura popolare e ben presto anche una biblioteca.<\/p>\n<p>Alla fine della I Guerra mondiale, nel 1918 Villa di Rovigno passa sotto l&#8217;amministrazione dell&#8217;Italia fascista e vi rimane fino alla sua capitolazione, nel 1943. Fino alla fine della II Guerra mondiale e durante l&#8217;occupazione tedesca a Villa di Rovigno era molto sviluppato il movimento di liberazione popolare e molti abitanti hanno partecipato attivamente alla lotta per la liberazione. Dopo la guerra presero il sopravvento le difficili condizioni di vita: fame, povert\u00e0, costrizioni a includersi nelle cooperative contadine, lavoro nelle miniere, &#8220;lavori volontari&#8221;, requisizione del cibo. I giovani, delusi, se ne vanno nelle citt\u00e0. Negli anni &#8217;60 il &#8220;regime rosso&#8221; cede. Villa di Rovigno inizia a svilupparsi.<\/p>\n<p>Oggi Villa di Rovigno \u00e8 parte della citt\u00e0 di Rovigno, come unit\u00e0 dell&#8217;autogoverno locale, con il suo Comitato locale, tramite il quale i paesani partecipano direttamente alla creazione e alla risoluzione di determinate questioni riguardanti lo sviluppo del proprio abitato.<\/p>","protected":false},"excerpt":{"rendered":"<p>Sulla strada Rovigno &#8211; Canfanaro, a 5-6 km da Rovigno, si trova l&#8217;abitato di Villa di Rovigno, dalle cui colline si pu\u00f2 ammirare uno stupendo panorama della citt\u00e0 di Rovigno e del suo arcipelago. Oggi, Villa di Rovigno \u00e8 in continuo sviluppo e, a poco a poco, sta diventando sobborgo di Rovigno. Su un chilometro [&hellip;]<\/p>\n","protected":false},"author":2,"featured_media":0,"parent":14,"menu_order":55,"comment_status":"closed","ping_status":"closed","template":"","meta":[],"yoast_head":"<!-- This site is optimized with the Yoast SEO plugin v21.8.1 - https:\/\/yoast.com\/wordpress\/plugins\/seo\/ -->\n<title>Villa di Rovigno - Citta di Rovinj-Rovigno<\/title>\n<meta name=\"robots\" content=\"index, follow, max-snippet:-1, max-image-preview:large, max-video-preview:-1\" \/>\n<link rel=\"canonical\" href=\"https:\/\/www.rovinj-rovigno.hr\/o-rovinju\/rovinjsko-selo\/\" \/>\n<meta property=\"og:locale\" content=\"it_IT\" \/>\n<meta property=\"og:type\" content=\"article\" \/>\n<meta property=\"og:title\" content=\"Villa di Rovigno - Citta di Rovinj-Rovigno\" \/>\n<meta property=\"og:description\" content=\"Sulla strada Rovigno &#8211; Canfanaro, a 5-6 km da Rovigno, si trova l&#8217;abitato di Villa di Rovigno, dalle cui colline si pu\u00f2 ammirare uno stupendo panorama della citt\u00e0 di Rovigno e del suo arcipelago. Oggi, Villa di Rovigno \u00e8 in continuo sviluppo e, a poco a poco, sta diventando sobborgo di Rovigno. Su un chilometro [&hellip;]\" \/>\n<meta property=\"og:url\" content=\"https:\/\/www.rovinj-rovigno.hr\/o-rovinju\/rovinjsko-selo\/\" \/>\n<meta property=\"og:site_name\" content=\"Citta di Rovinj-Rovigno\" \/>\n<meta property=\"article:modified_time\" content=\"2017-07-07T09:11:12+00:00\" \/>\n<meta property=\"og:image\" content=\"http:\/\/www.rovinj-rovigno.hr\/wp-content\/uploads\/2016\/11\/ziza.gif\" \/>\n<meta name=\"twitter:card\" content=\"summary_large_image\" \/>\n<meta name=\"twitter:label1\" content=\"Tempo di lettura stimato\" \/>\n\t<meta name=\"twitter:data1\" content=\"8 minuti\" \/>\n<script type=\"application\/ld+json\" class=\"yoast-schema-graph\">{\"@context\":\"https:\/\/schema.org\",\"@graph\":[{\"@type\":\"WebPage\",\"@id\":\"https:\/\/www.rovinj-rovigno.hr\/o-rovinju\/rovinjsko-selo\/\",\"url\":\"https:\/\/www.rovinj-rovigno.hr\/o-rovinju\/rovinjsko-selo\/\",\"name\":\"Villa di Rovigno - Citta di Rovinj-Rovigno\",\"isPartOf\":{\"@id\":\"https:\/\/www.rovinj-rovigno.hr\/#website\"},\"datePublished\":\"2016-11-21T20:47:51+00:00\",\"dateModified\":\"2017-07-07T09:11:12+00:00\",\"breadcrumb\":{\"@id\":\"https:\/\/www.rovinj-rovigno.hr\/o-rovinju\/rovinjsko-selo\/#breadcrumb\"},\"inLanguage\":\"it-IT\",\"potentialAction\":[{\"@type\":\"ReadAction\",\"target\":[\"https:\/\/www.rovinj-rovigno.hr\/o-rovinju\/rovinjsko-selo\/\"]}]},{\"@type\":\"BreadcrumbList\",\"@id\":\"https:\/\/www.rovinj-rovigno.hr\/o-rovinju\/rovinjsko-selo\/#breadcrumb\",\"itemListElement\":[{\"@type\":\"ListItem\",\"position\":1,\"name\":\"Po\u010detna stranica\",\"item\":\"https:\/\/www.rovinj-rovigno.hr\/\"},{\"@type\":\"ListItem\",\"position\":2,\"name\":\"O Rovinju\",\"item\":\"https:\/\/www.rovinj-rovigno.hr\/o-rovinju\/\"},{\"@type\":\"ListItem\",\"position\":3,\"name\":\"Rovinjsko Selo\"}]},{\"@type\":\"WebSite\",\"@id\":\"https:\/\/www.rovinj-rovigno.hr\/#website\",\"url\":\"https:\/\/www.rovinj-rovigno.hr\/\",\"name\":\"Citta di Rovinj-Rovigno\",\"description\":\"Sito ufficiale della Citta di Rovinj-Rovigno\",\"potentialAction\":[{\"@type\":\"SearchAction\",\"target\":{\"@type\":\"EntryPoint\",\"urlTemplate\":\"https:\/\/www.rovinj-rovigno.hr\/?s={search_term_string}\"},\"query-input\":\"required name=search_term_string\"}],\"inLanguage\":\"it-IT\"}]}<\/script>\n<!-- \/ Yoast SEO plugin. -->","yoast_head_json":{"title":"Villa di Rovigno - Citta di Rovinj-Rovigno","robots":{"index":"index","follow":"follow","max-snippet":"max-snippet:-1","max-image-preview":"max-image-preview:large","max-video-preview":"max-video-preview:-1"},"canonical":"https:\/\/www.rovinj-rovigno.hr\/o-rovinju\/rovinjsko-selo\/","og_locale":"it_IT","og_type":"article","og_title":"Villa di Rovigno - Citta di Rovinj-Rovigno","og_description":"Sulla strada Rovigno &#8211; Canfanaro, a 5-6 km da Rovigno, si trova l&#8217;abitato di Villa di Rovigno, dalle cui colline si pu\u00f2 ammirare uno stupendo panorama della citt\u00e0 di Rovigno e del suo arcipelago. Oggi, Villa di Rovigno \u00e8 in continuo sviluppo e, a poco a poco, sta diventando sobborgo di Rovigno. Su un chilometro [&hellip;]","og_url":"https:\/\/www.rovinj-rovigno.hr\/o-rovinju\/rovinjsko-selo\/","og_site_name":"Citta di Rovinj-Rovigno","article_modified_time":"2017-07-07T09:11:12+00:00","og_image":[{"url":"http:\/\/www.rovinj-rovigno.hr\/wp-content\/uploads\/2016\/11\/ziza.gif"}],"twitter_card":"summary_large_image","twitter_misc":{"Tempo di lettura stimato":"8 minuti"},"schema":{"@context":"https:\/\/schema.org","@graph":[{"@type":"WebPage","@id":"https:\/\/www.rovinj-rovigno.hr\/o-rovinju\/rovinjsko-selo\/","url":"https:\/\/www.rovinj-rovigno.hr\/o-rovinju\/rovinjsko-selo\/","name":"Villa di Rovigno - Citta di Rovinj-Rovigno","isPartOf":{"@id":"https:\/\/www.rovinj-rovigno.hr\/#website"},"datePublished":"2016-11-21T20:47:51+00:00","dateModified":"2017-07-07T09:11:12+00:00","breadcrumb":{"@id":"https:\/\/www.rovinj-rovigno.hr\/o-rovinju\/rovinjsko-selo\/#breadcrumb"},"inLanguage":"it-IT","potentialAction":[{"@type":"ReadAction","target":["https:\/\/www.rovinj-rovigno.hr\/o-rovinju\/rovinjsko-selo\/"]}]},{"@type":"BreadcrumbList","@id":"https:\/\/www.rovinj-rovigno.hr\/o-rovinju\/rovinjsko-selo\/#breadcrumb","itemListElement":[{"@type":"ListItem","position":1,"name":"Po\u010detna stranica","item":"https:\/\/www.rovinj-rovigno.hr\/"},{"@type":"ListItem","position":2,"name":"O Rovinju","item":"https:\/\/www.rovinj-rovigno.hr\/o-rovinju\/"},{"@type":"ListItem","position":3,"name":"Rovinjsko Selo"}]},{"@type":"WebSite","@id":"https:\/\/www.rovinj-rovigno.hr\/#website","url":"https:\/\/www.rovinj-rovigno.hr\/","name":"Citta di Rovinj-Rovigno","description":"Sito ufficiale della Citta di Rovinj-Rovigno","potentialAction":[{"@type":"SearchAction","target":{"@type":"EntryPoint","urlTemplate":"https:\/\/www.rovinj-rovigno.hr\/?s={search_term_string}"},"query-input":"required name=search_term_string"}],"inLanguage":"it-IT"}]}},"_links":{"self":[{"href":"https:\/\/www.rovinj-rovigno.hr\/it\/wp-json\/wp\/v2\/pages\/214"}],"collection":[{"href":"https:\/\/www.rovinj-rovigno.hr\/it\/wp-json\/wp\/v2\/pages"}],"about":[{"href":"https:\/\/www.rovinj-rovigno.hr\/it\/wp-json\/wp\/v2\/types\/page"}],"author":[{"embeddable":true,"href":"https:\/\/www.rovinj-rovigno.hr\/it\/wp-json\/wp\/v2\/users\/2"}],"replies":[{"embeddable":true,"href":"https:\/\/www.rovinj-rovigno.hr\/it\/wp-json\/wp\/v2\/comments?post=214"}],"version-history":[{"count":0,"href":"https:\/\/www.rovinj-rovigno.hr\/it\/wp-json\/wp\/v2\/pages\/214\/revisions"}],"up":[{"embeddable":true,"href":"https:\/\/www.rovinj-rovigno.hr\/it\/wp-json\/wp\/v2\/pages\/14"}],"wp:attachment":[{"href":"https:\/\/www.rovinj-rovigno.hr\/it\/wp-json\/wp\/v2\/media?parent=214"}],"curies":[{"name":"wp","href":"https:\/\/api.w.org\/{rel}","templated":true}]}}