{"id":19567,"date":"2020-01-10T01:45:22","date_gmt":"2020-01-09T23:45:22","guid":{"rendered":"https:\/\/www.rovinj-rovigno.hr\/?page_id=19567"},"modified":"2020-01-10T01:47:38","modified_gmt":"2020-01-09T23:47:38","slug":"izgled-dizajn-velicina-natpisa-ulica-kucnih-brojeva","status":"publish","type":"page","link":"https:\/\/www.rovinj-rovigno.hr\/it\/sistema-comunale\/hrvatski-komunalni-red\/hrvatski-izgled-dizajn-i-velicina-natpisa-ulica-i-kucnih-brojeva\/","title":{"rendered":"(Hrvatski) Izgled, dizajn i veli\u010dina natpisa ulica i ku\u0107nih brojeva"},"content":{"rendered":"<p class=\"qtranxs-available-languages-message qtranxs-available-languages-message-it\">Ci spiace, ma questo articolo \u00e8 disponibile soltanto in <a href=\"https:\/\/www.rovinj-rovigno.hr\/hr\/wp-json\/wp\/v2\/pages\/19567\" class=\"qtranxs-available-language-link qtranxs-available-language-link-hr\" title=\"Hrvatski\">Croato<\/a>.<\/p>","protected":false},"excerpt":{"rendered":"<p>Ci spiace, ma questo articolo \u00e8 disponibile soltanto in Croato.<\/p>\n","protected":false},"author":2,"featured_media":0,"parent":575,"menu_order":63,"comment_status":"closed","ping_status":"closed","template":"","meta":[],"yoast_head":"<!-- This site is optimized with the Yoast SEO plugin v21.8.1 - https:\/\/yoast.com\/wordpress\/plugins\/seo\/ -->\n<title>(Hrvatski) Izgled, dizajn i veli\u010dina natpisa ulica i ku\u0107nih brojeva - Citta di Rovinj-Rovigno<\/title>\n<meta name=\"robots\" content=\"index, follow, max-snippet:-1, max-image-preview:large, max-video-preview:-1\" \/>\n<link rel=\"canonical\" href=\"https:\/\/www.rovinj-rovigno.hr\/komunalni-sustav\/komunalni-red\/izgled-dizajn-i-velicina-natpisa-ulica-i-kucnih-brojeva\/\" \/>\n<meta property=\"og:locale\" content=\"it_IT\" \/>\n<meta property=\"og:type\" content=\"article\" \/>\n<meta property=\"og:title\" content=\"(Hrvatski) Izgled, dizajn i veli\u010dina natpisa ulica i ku\u0107nih brojeva - Citta di Rovinj-Rovigno\" \/>\n<meta property=\"og:description\" content=\"Ci spiace, ma questo articolo \u00e8 disponibile soltanto in Croato.\" \/>\n<meta property=\"og:url\" content=\"https:\/\/www.rovinj-rovigno.hr\/komunalni-sustav\/komunalni-red\/izgled-dizajn-i-velicina-natpisa-ulica-i-kucnih-brojeva\/\" \/>\n<meta property=\"og:site_name\" content=\"Citta di Rovinj-Rovigno\" \/>\n<meta property=\"article:modified_time\" content=\"2020-01-09T23:47:38+00:00\" \/>\n<meta name=\"twitter:card\" content=\"summary_large_image\" \/>\n<script type=\"application\/ld+json\" class=\"yoast-schema-graph\">{\"@context\":\"https:\/\/schema.org\",\"@graph\":[{\"@type\":\"WebPage\",\"@id\":\"https:\/\/www.rovinj-rovigno.hr\/komunalni-sustav\/komunalni-red\/izgled-dizajn-i-velicina-natpisa-ulica-i-kucnih-brojeva\/\",\"url\":\"https:\/\/www.rovinj-rovigno.hr\/komunalni-sustav\/komunalni-red\/izgled-dizajn-i-velicina-natpisa-ulica-i-kucnih-brojeva\/\",\"name\":\"(Hrvatski) Izgled, dizajn i veli\u010dina natpisa ulica i ku\u0107nih brojeva - Citta di Rovinj-Rovigno\",\"isPartOf\":{\"@id\":\"https:\/\/www.rovinj-rovigno.hr\/#website\"},\"datePublished\":\"2020-01-09T23:45:22+00:00\",\"dateModified\":\"2020-01-09T23:47:38+00:00\",\"breadcrumb\":{\"@id\":\"https:\/\/www.rovinj-rovigno.hr\/komunalni-sustav\/komunalni-red\/izgled-dizajn-i-velicina-natpisa-ulica-i-kucnih-brojeva\/#breadcrumb\"},\"inLanguage\":\"it-IT\",\"potentialAction\":[{\"@type\":\"ReadAction\",\"target\":[\"https:\/\/www.rovinj-rovigno.hr\/komunalni-sustav\/komunalni-red\/izgled-dizajn-i-velicina-natpisa-ulica-i-kucnih-brojeva\/\"]}]},{\"@type\":\"BreadcrumbList\",\"@id\":\"https:\/\/www.rovinj-rovigno.hr\/komunalni-sustav\/komunalni-red\/izgled-dizajn-i-velicina-natpisa-ulica-i-kucnih-brojeva\/#breadcrumb\",\"itemListElement\":[{\"@type\":\"ListItem\",\"position\":1,\"name\":\"Po\u010detna stranica\",\"item\":\"https:\/\/www.rovinj-rovigno.hr\/\"},{\"@type\":\"ListItem\",\"position\":2,\"name\":\"Komunalni sustav\",\"item\":\"https:\/\/www.rovinj-rovigno.hr\/komunalni-sustav\/\"},{\"@type\":\"ListItem\",\"position\":3,\"name\":\"Komunalni red\",\"item\":\"https:\/\/www.rovinj-rovigno.hr\/komunalni-sustav\/komunalni-red\/\"},{\"@type\":\"ListItem\",\"position\":4,\"name\":\"Izgled, dizajn i veli\u010dina natpisa ulica i ku\u0107nih brojeva\"}]},{\"@type\":\"WebSite\",\"@id\":\"https:\/\/www.rovinj-rovigno.hr\/#website\",\"url\":\"https:\/\/www.rovinj-rovigno.hr\/\",\"name\":\"Citta di Rovinj-Rovigno\",\"description\":\"Sito ufficiale della Citta di Rovinj-Rovigno\",\"potentialAction\":[{\"@type\":\"SearchAction\",\"target\":{\"@type\":\"EntryPoint\",\"urlTemplate\":\"https:\/\/www.rovinj-rovigno.hr\/?s={search_term_string}\"},\"query-input\":\"required name=search_term_string\"}],\"inLanguage\":\"it-IT\"}]}<\/script>\n<!-- \/ Yoast SEO plugin. -->","yoast_head_json":{"title":"(Hrvatski) Izgled, dizajn i veli\u010dina natpisa ulica i ku\u0107nih brojeva - Citta di Rovinj-Rovigno","robots":{"index":"index","follow":"follow","max-snippet":"max-snippet:-1","max-image-preview":"max-image-preview:large","max-video-preview":"max-video-preview:-1"},"canonical":"https:\/\/www.rovinj-rovigno.hr\/komunalni-sustav\/komunalni-red\/izgled-dizajn-i-velicina-natpisa-ulica-i-kucnih-brojeva\/","og_locale":"it_IT","og_type":"article","og_title":"(Hrvatski) Izgled, dizajn i veli\u010dina natpisa ulica i ku\u0107nih brojeva - Citta di Rovinj-Rovigno","og_description":"Ci spiace, ma questo articolo \u00e8 disponibile soltanto in Croato.","og_url":"https:\/\/www.rovinj-rovigno.hr\/komunalni-sustav\/komunalni-red\/izgled-dizajn-i-velicina-natpisa-ulica-i-kucnih-brojeva\/","og_site_name":"Citta di Rovinj-Rovigno","article_modified_time":"2020-01-09T23:47:38+00:00","twitter_card":"summary_large_image","schema":{"@context":"https:\/\/schema.org","@graph":[{"@type":"WebPage","@id":"https:\/\/www.rovinj-rovigno.hr\/komunalni-sustav\/komunalni-red\/izgled-dizajn-i-velicina-natpisa-ulica-i-kucnih-brojeva\/","url":"https:\/\/www.rovinj-rovigno.hr\/komunalni-sustav\/komunalni-red\/izgled-dizajn-i-velicina-natpisa-ulica-i-kucnih-brojeva\/","name":"(Hrvatski) Izgled, dizajn i veli\u010dina natpisa ulica i ku\u0107nih brojeva - Citta di Rovinj-Rovigno","isPartOf":{"@id":"https:\/\/www.rovinj-rovigno.hr\/#website"},"datePublished":"2020-01-09T23:45:22+00:00","dateModified":"2020-01-09T23:47:38+00:00","breadcrumb":{"@id":"https:\/\/www.rovinj-rovigno.hr\/komunalni-sustav\/komunalni-red\/izgled-dizajn-i-velicina-natpisa-ulica-i-kucnih-brojeva\/#breadcrumb"},"inLanguage":"it-IT","potentialAction":[{"@type":"ReadAction","target":["https:\/\/www.rovinj-rovigno.hr\/komunalni-sustav\/komunalni-red\/izgled-dizajn-i-velicina-natpisa-ulica-i-kucnih-brojeva\/"]}]},{"@type":"BreadcrumbList","@id":"https:\/\/www.rovinj-rovigno.hr\/komunalni-sustav\/komunalni-red\/izgled-dizajn-i-velicina-natpisa-ulica-i-kucnih-brojeva\/#breadcrumb","itemListElement":[{"@type":"ListItem","position":1,"name":"Po\u010detna stranica","item":"https:\/\/www.rovinj-rovigno.hr\/"},{"@type":"ListItem","position":2,"name":"Komunalni sustav","item":"https:\/\/www.rovinj-rovigno.hr\/komunalni-sustav\/"},{"@type":"ListItem","position":3,"name":"Komunalni red","item":"https:\/\/www.rovinj-rovigno.hr\/komunalni-sustav\/komunalni-red\/"},{"@type":"ListItem","position":4,"name":"Izgled, dizajn i veli\u010dina natpisa ulica i ku\u0107nih brojeva"}]},{"@type":"WebSite","@id":"https:\/\/www.rovinj-rovigno.hr\/#website","url":"https:\/\/www.rovinj-rovigno.hr\/","name":"Citta di Rovinj-Rovigno","description":"Sito ufficiale della Citta di Rovinj-Rovigno","potentialAction":[{"@type":"SearchAction","target":{"@type":"EntryPoint","urlTemplate":"https:\/\/www.rovinj-rovigno.hr\/?s={search_term_string}"},"query-input":"required name=search_term_string"}],"inLanguage":"it-IT"}]}},"_links":{"self":[{"href":"https:\/\/www.rovinj-rovigno.hr\/it\/wp-json\/wp\/v2\/pages\/19567"}],"collection":[{"href":"https:\/\/www.rovinj-rovigno.hr\/it\/wp-json\/wp\/v2\/pages"}],"about":[{"href":"https:\/\/www.rovinj-rovigno.hr\/it\/wp-json\/wp\/v2\/types\/page"}],"author":[{"embeddable":true,"href":"https:\/\/www.rovinj-rovigno.hr\/it\/wp-json\/wp\/v2\/users\/2"}],"replies":[{"embeddable":true,"href":"https:\/\/www.rovinj-rovigno.hr\/it\/wp-json\/wp\/v2\/comments?post=19567"}],"version-history":[{"count":0,"href":"https:\/\/www.rovinj-rovigno.hr\/it\/wp-json\/wp\/v2\/pages\/19567\/revisions"}],"up":[{"embeddable":true,"href":"https:\/\/www.rovinj-rovigno.hr\/it\/wp-json\/wp\/v2\/pages\/575"}],"wp:attachment":[{"href":"https:\/\/www.rovinj-rovigno.hr\/it\/wp-json\/wp\/v2\/media?parent=19567"}],"curies":[{"name":"wp","href":"https:\/\/api.w.org\/{rel}","templated":true}]}}