{"id":1013,"date":"2016-12-30T10:36:52","date_gmt":"2016-12-30T10:36:52","guid":{"rendered":"http:\/\/rovinjhr.lin53.host25.com\/?page_id=1013"},"modified":"2020-11-25T17:21:28","modified_gmt":"2020-11-25T15:21:28","slug":"opce-javne-potrebe","status":"publish","type":"page","link":"https:\/\/www.rovinj-rovigno.hr\/it\/sanita-politica-sociale-e-sicurezza\/hrvatski-socijalna-politika\/hrvatski-opce-javne-potrebe\/","title":{"rendered":"Fabbisogni pubblici nel settore dell&#8217;assistenza sociale"},"content":{"rendered":"<p><strong>Programma 1032: ASSISTENZA SOCIALE = 4.291.100,00 kn<br \/>\n<\/strong>Fondamento di legge: Legge sull\u2019autogoverno locale e territoriale (regionale), Legge sull\u2019assistenza sociale, Legge sulla Croce Rossa della Croazia, Legge sulle associazioni, Regolamento sui criteri, le misure e i procedimenti di finanziamento e contrattazione dei programmi e dei progetti di interesse per il bene comune che vengono attuati dalle associazioni.<br \/>\nObiettivo generale: sussidi per le categorie meno abbienti di concittadini conformemente alla Delibera sull\u2019assistenza sociale della citt\u00e0 di Rovigno, prevenzione delle malattie da dipendenza e dei comportamenti devianti dei bambini e dei giovani attraverso il livello primario (laboratori, corsi), secondario (consultori) e terziario (ambulatorio per le malattie da dipendenza), realizzazione delle attivit\u00e0 programmatiche delle associazioni, miglioramento delle condizioni di lavoro del consultorio cittadino.<br \/>\nObiettivo specifico: alleviare le difficolt\u00e0 ai cittadini nella risoluzione dei problemi quotidiani di vita, mantenere il livello raggiunto di tutela sociale dei cittadini, educare i giovani in merito ai danni causati dalle sostanze stupefacenti, sensibilizzare i genitori in merito ai problemi esistenti, tempo libero organizzato, ecc.<br \/>\nIndicatore di efficienza: realizzazione dei programmi sociali, assegnazione dei sussidi ai vari utenti, realizzazione delle attivit\u00e0 delle associazioni.<\/p>\n<p><strong>A 103201: Sussidi per gli utenti di I e II categoria = 1.110.000,00 kn<br \/>\n<\/strong>Con questi mezzi si assicura il finanziamento dei sostegni agli utenti di prima e seconda categoria che vengono versati regolarmente con importo mensile. In base ai dati registrati nel periodo in cui \u00e8 stata delineata la proposta di questo programma, gli utenti compresi da tali sostegni sono cca 220. Oltre a questi sostegni, a questi utenti e ad altre categorie socialmente bisognose viene assicurato l\u2019acquisto di pacchi dono di generi alimentari sia in ricorrenza delle festivit\u00e0 pasquali, della Giornata della Citt\u00e0 e delle festivit\u00e0 natalizie e di Capodanno. Il versamento dei mezzi e l\u2019acquisto e la distribuzione dei pacchi dono vengono attuati tramite la Societ\u00e0 cittadina della Croce Rossa.<\/p>\n<p><strong>A 103202: Sussidi per i pensionati = 445.000,00 kn<br \/>\n<\/strong>Da questi mezzi vengono assicurati i sostegni ai pensionati che percepiscono pensioni basse, conformemente alla Delibera sull\u2019assistenza sociale. Inoltre, per gli ospiti della Casa di riposo \u201cDomenico Pergolis\u201d sono stati assicurati i pacchi dono in occasione delle festivit\u00e0 natalizie e di Capodanno.<\/p>\n<p><strong>A 103203: Sussidi una tantum per singole persone e famiglie = 300.000,00 kn<br \/>\n<\/strong>Da questi mezzi si assicurano i sussidi a soluzione unica di cui fruiscono singole persone e famiglie in base alle loro richieste di cui decide la Commissione per l\u2019assistenza sociale. Nella prassi tali sussidi si richiedono e si stanziano per compensare le fondamentali necessit\u00e0 di vita \u2013dal pagamento delle spese dell\u2019energia elettrica, dell\u2019acqua, all\u2019acquisto di medicinali, di generi alimentari, ecc.<\/p>\n<p><strong>A 103204: Sussidi una tantum per neonati = 310.000,00 kn<br \/>\n<\/strong>Da questi mezzi si assicurano i sostegni una tantum per ogni neonato. La proposta di Delibera sull\u2019assistenza sociale, che verr\u00e0 esaminata dal Consiglio municipale, prevede di aumentare i sostegni una tantum e per questo motivo sono state accantonate 120.000,00 kn in pi\u00f9 rispetto allo scorso anno.<\/p>\n<p><strong>A 103205: Sussidi per alimenti per lattanti = 20.000,00 kn<br \/>\n<\/strong>Hanno diritto al sussidio mensile le famiglie meno abbienti con bambini fino a 12 mesi di vita.<\/p>\n<p><strong>A 103206: Sussidi una tantum per l\u2019acquisto di combustibile per il riscaldamento = 55.000,00 kn<br \/>\n<\/strong>Da questi mezzi verr\u00e0 finanziato l\u2019acquisto di combustibile per il riscaldamento per le categorie di cittadini meno abbienti, e negli ultimi anni erano 50-55 persone. Il procedimento di definizione dei diritti viene effettuato dall\u2019Assessorato alla salute e all\u2019assistenza sociale della Regione Istriana, mentre il versamento viene attuato tramite la societ\u00e0 cittadina della Croce Rossa di Rovigno.<\/p>\n<p><strong>A 103207: Altri sussidi in base alla Delibera sull\u2019assistenza sociale = 30.000,00 kn<br \/>\n<\/strong>Da questi mezzi vengono assicurati i sussidi per l\u2019acquisto di accessori per invalidi e altri sussidi prescritti dalla Delibera sull\u2019assistenza sociale.<\/p>\n<p><strong>A 103209: Finanziamento della differenza nel prezzo di trasporto degli alunni delle scuole medie superiori = 80.000,00 kn<br \/>\n<\/strong>Da questi mezzi si sovvenzionano le spese di trasporto degli alunni che frequentano le scuole medie superiori conformemente alla Delibera sull\u2019assistenza sociale, ovvero viene versata la differenza del costo pieno che i genitori dovrebbero pagare dopo il rifiuto di sovvenzionamento da parte del Ministero competente.<\/p>\n<p><strong>A 103210: Finanziamento della differenza nel prezzo di sistemazione dei bambini negli asili = 170.000,00 kn<br \/>\n<\/strong>Con questi mezzi verr\u00e0 sovvenzionato il prezzo di sistemazione dei bambini negli asili, in conformit\u00e0 alla Delibera sull\u2019assistenza sociale.<\/p>\n<p><strong>A 103211: Finanziamento della differenza nelle spese abitative = 160.000,00 kn<br \/>\n<\/strong>Con questi mezzi vengono coperte le spese di affitto per le famiglie che adempiono ai criteri prescritti dalla Delibera sull\u2019assistenza sociale.<\/p>\n<p><strong>A 103212: Finanziamento della differenza nel prezzo di pasti caldi = 60.000,00 kn<br \/>\n<\/strong>Da questi mezzi si sovvenzionano le spese di vitto per gli alunni nelle scuole elementari in conformit\u00e0 alla Delibera sull\u2019assistenza sociale.<\/p>\n<p><strong>A 103213: Prevenzione delle malattie da dipendenza e del comportamento deviante = 105.000,00 kn<br \/>\n<\/strong>Da questi mezzi viene finanziato il programma per la lotta contro l\u2019abuso di stupefacenti. L\u2019attivit\u00e0 sar\u00e0 rivolta alla prevenzione tramite l\u2019impegno di collaboratori specializzati che eseguiranno corsi educativi per i genitori, gli insegnanti e gli alunni. Da questi mezzi si finanzier\u00e0 il lavoro del consultorio cittadino e dell\u2019ambulatorio per le malattie da dipendenza che opera in seno alla Casa della salute di Rovigno.<\/p>\n<p><strong>A 103214: Societ\u00e0 cittadina della Croce Rossa = 519.000,00 kn<br \/>\n<\/strong>In base alla Legge sulla Croce Rossa della Croazia, le unit\u00e0 autogoverno locale e territoriale (regionale) hanno l\u2019obbligo di garantire i mezzi nel proprio bilancio per il finanziamento delle societ\u00e0 della Croce Rossa. I mezzi verranno versati alla Societ\u00e0 cittadina della Croce Rossa in base al contratto che verr\u00e0 stipulato per l\u2019anno corrente, e conformemente al Regolamento sulle modalit\u00e0 e i termini di pagamento dei mezzi dalle entrate delle unit\u00e0 d\u2019autogoverno locale e territoriale per l\u2019attivit\u00e0 delle forme organizzative della Croce Rossa della Croazia.<\/p>\n<p><strong>A 103215: Centro diurno per la riabilitazione Veruda \u2013Pola = 350.000,00 kn<br \/>\n<\/strong>Il centro per la riabilitazione Veruda di Pola \u00e8 un\u2019istituzione pubblica che attua la diagnostica precoce, l\u2019abilitazione e la riabilitazione dei bambini, dei giovani e degli adulti con disturbi motori, difficolt\u00e0 intellettuali, disturbi dell\u2019attenzione e concentrazione, difficolt\u00e0 di linguaggio e con altre particolari necessit\u00e0. La Citt\u00e0 di Rovinj-Rovigno \u00e8 uno dei fondatori dell\u2019istituzione e conformemente a ci\u00f2 ha l\u2019obbligo di garantire i mezzi per la sua attivit\u00e0, il tutto in base alle manifestate esigenze dell\u2019istituzione.<br \/>\nL\u2019aumento dei mezzidi 25.000,00 kn riguarda le spese del trasporto organizzato con un pulmino per i bambini che utilizzano i servizi del Centro diurno.<\/p>\n<p><strong>A 103216: Casa sicura \u201cIstria\u201d = 17.000,00 kn<br \/>\n<\/strong>La Casa sicura \u201cIstria\u201d \u00e8 l\u2019unica organizzazione che si prende cura delle vittime di violenze e si occupa dei rifugi per le medesime nel territorio della Regione Istriana. Pertanto, per la sua attivit\u00e0 sono stati assicurati i mezzi come gli anni scorsi.<\/p>\n<p><strong>A 103217: Attivit\u00e0 delle associazioni delle persone diversamente abili = 200.000,00 kn<br \/>\n<\/strong>In base a concorso pubblico, da questi mezzi verranno assegnati dei sussidi alle associazioni che si occupano di miglioramento della vita delle persone diversamente abili. I mezzi pianificati sono destinati al sostegno istituzionale delle associazioni, nonch\u00e9 allo sviluppo e alla continuit\u00e0 nell\u2019offrire servizi sociali alle persone diversamente abili del territorio cittadino.<\/p>\n<p><strong>A 103218: Commissione per la valutazione delle richieste= 1.000,00 kn<br \/>\n<\/strong>Per l\u2019attuazione dei concorsi \u00e8 necessario assicurare i mezzi per l\u2019attivit\u00e0 della Commissione.<\/p>\n<p><strong>A 103219: Attivit\u00e0 di carattere umanitario = 15.000,00 kn<br \/>\n<\/strong>Da questi mezzi, in base a concorso pubblico, verranno assegnati sussidi alle associazioni che svolgono attivit\u00e0 umanitarie e simili.<\/p>\n<p><strong>A 103220: Altre attivit\u00e0 di assistenza sociale = 110.000,00 kn<br \/>\n<\/strong>I vani situati nella Casa della salute, per i quali l\u2019affitto viene pagato completamente dal bilancio, vengono utilizzate da diverse associazioni che operano nel territorio della citt\u00e0 e che si occupano prevalentemente di attivit\u00e0 indirizzate alle persone diversamente abili nonch\u00e9 di attivit\u00e0 di miglioramento della salute, come ad esempio l\u2019Associazione delle persone diversamente abili, l\u2019Associazione dei diabetici, l\u2019Associazione che aiuta le persone affette da ritardi mentale della Regione Istriana e l\u2019Associazione \u201c\u017dena-Donna\u201d. Inoltre con i mezzi dell\u2019importo di 50.000,00 kn vengono garantiti gli aiuti per i cittadini meno abbienti.<\/p>\n<p><strong>A 103221: Cofinanziamento Soggiorno diurno presso la Casa per anziani \u201cD.Pergolis\u201d = 70.000,00 kn<br \/>\n<\/strong>Con la realizzazione dell\u2019ampliamento della casa per anziani \u201cD.Pergolis\u201d si sono create le condizioni per offrire i servizi di soggiorno diurno per gli anziani rendendo possibile l\u2019assistenza a queste persone mentre le loro famiglie sono al lavoro oppure hanno altri impegni. La struttura potr\u00e0 ospitare 24 persone e verr\u00e0 finanziata dal prezzo del servizio che pagheranno gli stessi utenti e in parte dai mezzi del bilancio. Le modalit\u00e0 di (co)finanziamento di questo servizio verr\u00e0 stabilito in collaborazione con l\u2019istituzione.<\/p>\n<p><strong>A 103222: Rimborso della differenza nel prezzo di trasporto dei bambini al Centro diurno = 70.000,00 kn<br \/>\n<\/strong>Da questi mezzi vengono coperte le spese di trasporto dei bambini che frequentano il Centro diurno \u201cVeruda\u201d di Pola e la Scuola per l\u2019educazione e istruzione. Una parte dei mezzi viene indirizzata al versamento del rimborso ai genitori che portano i loro bambini a Pola, mentre l\u2019importo rimanente viene assicurato per il trasporto organizzato in pullman.<\/p>\n<p><strong>K 103202: Acquisto di un veicolo per il trasporto delle persone con invalidit\u00e0 = 99.000,00 kn<br \/>\n<\/strong>In base alla manifestata necessit\u00e0 dell\u2019Associazione delle persone diversamente abili viene assicurato un pulmino adattato alle persone disabili. I mezzi vengono assicurati al fine di stipulare un contratto di leasing finanziario. Il pulmino di cui dispone quest\u2019associazione spesso \u00e8 guasto, pertanto acquistando un nuovo pulmino aumenta la sicurezza e l\u2019accessibilit\u00e0 alle varie attivit\u00e0 dei membri dell\u2019associazione.<\/p>\n<p><strong>A 103223: Rimborso delle spese per i bambini nel CD Veruda = 10.000,00 kn<br \/>\n<\/strong>In base alla Delibera degli organismi competenti del Centro diurno Veruda di Pola, dal 1\u00b0gennaio 2020 determinati servizi per i genitori dei bambini si pagheranno e pertanto con la proposta di delibera sull\u2019assistenza sociale si propone di rimborsare tali mezzi ai genitori.<\/p>","protected":false},"excerpt":{"rendered":"<p>Programma 1032: ASSISTENZA SOCIALE = 4.291.100,00 kn Fondamento di legge: Legge sull\u2019autogoverno locale e territoriale (regionale), Legge sull\u2019assistenza sociale, Legge sulla Croce Rossa della Croazia, Legge sulle associazioni, Regolamento sui criteri, le misure e i procedimenti di finanziamento e contrattazione dei programmi e dei progetti di interesse per il bene comune che vengono attuati dalle [&hellip;]<\/p>\n","protected":false},"author":2,"featured_media":0,"parent":829,"menu_order":25,"comment_status":"closed","ping_status":"closed","template":"","meta":[],"yoast_head":"<!-- This site is optimized with the Yoast SEO plugin v21.8.1 - https:\/\/yoast.com\/wordpress\/plugins\/seo\/ -->\n<title>Fabbisogni pubblici nel settore dell&#039;assistenza sociale - Citta di Rovinj-Rovigno<\/title>\n<meta name=\"robots\" content=\"index, follow, max-snippet:-1, max-image-preview:large, max-video-preview:-1\" \/>\n<link rel=\"canonical\" href=\"https:\/\/www.rovinj-rovigno.hr\/it\/sanita-politica-sociale-e-sicurezza\/hrvatski-socijalna-politika\/hrvatski-opce-javne-potrebe\/\" \/>\n<meta property=\"og:locale\" content=\"it_IT\" \/>\n<meta property=\"og:type\" content=\"article\" \/>\n<meta property=\"og:title\" content=\"Fabbisogni pubblici nel settore dell&#039;assistenza sociale - Citta di Rovinj-Rovigno\" \/>\n<meta property=\"og:description\" content=\"Programma 1032: ASSISTENZA SOCIALE = 4.291.100,00 kn Fondamento di legge: Legge sull\u2019autogoverno locale e territoriale (regionale), Legge sull\u2019assistenza sociale, Legge sulla Croce Rossa della Croazia, Legge sulle associazioni, Regolamento sui criteri, le misure e i procedimenti di finanziamento e contrattazione dei programmi e dei progetti di interesse per il bene comune che vengono attuati dalle [&hellip;]\" \/>\n<meta property=\"og:url\" content=\"https:\/\/www.rovinj-rovigno.hr\/it\/sanita-politica-sociale-e-sicurezza\/hrvatski-socijalna-politika\/hrvatski-opce-javne-potrebe\/\" \/>\n<meta property=\"og:site_name\" content=\"Citta di Rovinj-Rovigno\" \/>\n<meta property=\"article:modified_time\" content=\"2020-11-25T15:21:28+00:00\" \/>\n<meta name=\"twitter:card\" content=\"summary_large_image\" \/>\n<meta name=\"twitter:label1\" content=\"Tempo di lettura stimato\" \/>\n\t<meta name=\"twitter:data1\" content=\"15 minuti\" \/>\n<script type=\"application\/ld+json\" class=\"yoast-schema-graph\">{\"@context\":\"https:\/\/schema.org\",\"@graph\":[{\"@type\":\"WebPage\",\"@id\":\"https:\/\/www.rovinj-rovigno.hr\/it\/sanita-politica-sociale-e-sicurezza\/hrvatski-socijalna-politika\/hrvatski-opce-javne-potrebe\/\",\"url\":\"https:\/\/www.rovinj-rovigno.hr\/it\/sanita-politica-sociale-e-sicurezza\/hrvatski-socijalna-politika\/hrvatski-opce-javne-potrebe\/\",\"name\":\"Fabbisogni pubblici nel settore dell'assistenza sociale - Citta di Rovinj-Rovigno\",\"isPartOf\":{\"@id\":\"https:\/\/www.rovinj-rovigno.hr\/#website\"},\"datePublished\":\"2016-12-30T10:36:52+00:00\",\"dateModified\":\"2020-11-25T15:21:28+00:00\",\"breadcrumb\":{\"@id\":\"https:\/\/www.rovinj-rovigno.hr\/it\/sanita-politica-sociale-e-sicurezza\/hrvatski-socijalna-politika\/hrvatski-opce-javne-potrebe\/#breadcrumb\"},\"inLanguage\":\"it-IT\",\"potentialAction\":[{\"@type\":\"ReadAction\",\"target\":[\"https:\/\/www.rovinj-rovigno.hr\/it\/sanita-politica-sociale-e-sicurezza\/hrvatski-socijalna-politika\/hrvatski-opce-javne-potrebe\/\"]}]},{\"@type\":\"BreadcrumbList\",\"@id\":\"https:\/\/www.rovinj-rovigno.hr\/it\/sanita-politica-sociale-e-sicurezza\/hrvatski-socijalna-politika\/hrvatski-opce-javne-potrebe\/#breadcrumb\",\"itemListElement\":[{\"@type\":\"ListItem\",\"position\":1,\"name\":\"Po\u010detna stranica\",\"item\":\"https:\/\/www.rovinj-rovigno.hr\/\"},{\"@type\":\"ListItem\",\"position\":2,\"name\":\"Zdravlje, socijalna politika i sigurnost\",\"item\":\"https:\/\/www.rovinj-rovigno.hr\/zdravlje-socijalna-politika-i-sigurnost\/\"},{\"@type\":\"ListItem\",\"position\":3,\"name\":\"Politica sociale\",\"item\":\"https:\/\/www.rovinj-rovigno.hr\/it\/sanita-politica-sociale-e-sicurezza\/hrvatski-socijalna-politika\/\"},{\"@type\":\"ListItem\",\"position\":4,\"name\":\"Fabbisogni pubblici nel settore dell&#8217;assistenza sociale\"}]},{\"@type\":\"WebSite\",\"@id\":\"https:\/\/www.rovinj-rovigno.hr\/#website\",\"url\":\"https:\/\/www.rovinj-rovigno.hr\/\",\"name\":\"Citta di Rovinj-Rovigno\",\"description\":\"Sito ufficiale della Citta di Rovinj-Rovigno\",\"potentialAction\":[{\"@type\":\"SearchAction\",\"target\":{\"@type\":\"EntryPoint\",\"urlTemplate\":\"https:\/\/www.rovinj-rovigno.hr\/?s={search_term_string}\"},\"query-input\":\"required name=search_term_string\"}],\"inLanguage\":\"it-IT\"}]}<\/script>\n<!-- \/ Yoast SEO plugin. -->","yoast_head_json":{"title":"Fabbisogni pubblici nel settore dell'assistenza sociale - Citta di Rovinj-Rovigno","robots":{"index":"index","follow":"follow","max-snippet":"max-snippet:-1","max-image-preview":"max-image-preview:large","max-video-preview":"max-video-preview:-1"},"canonical":"https:\/\/www.rovinj-rovigno.hr\/it\/sanita-politica-sociale-e-sicurezza\/hrvatski-socijalna-politika\/hrvatski-opce-javne-potrebe\/","og_locale":"it_IT","og_type":"article","og_title":"Fabbisogni pubblici nel settore dell'assistenza sociale - Citta di Rovinj-Rovigno","og_description":"Programma 1032: ASSISTENZA SOCIALE = 4.291.100,00 kn Fondamento di legge: Legge sull\u2019autogoverno locale e territoriale (regionale), Legge sull\u2019assistenza sociale, Legge sulla Croce Rossa della Croazia, Legge sulle associazioni, Regolamento sui criteri, le misure e i procedimenti di finanziamento e contrattazione dei programmi e dei progetti di interesse per il bene comune che vengono attuati dalle [&hellip;]","og_url":"https:\/\/www.rovinj-rovigno.hr\/it\/sanita-politica-sociale-e-sicurezza\/hrvatski-socijalna-politika\/hrvatski-opce-javne-potrebe\/","og_site_name":"Citta di Rovinj-Rovigno","article_modified_time":"2020-11-25T15:21:28+00:00","twitter_card":"summary_large_image","twitter_misc":{"Tempo di lettura stimato":"15 minuti"},"schema":{"@context":"https:\/\/schema.org","@graph":[{"@type":"WebPage","@id":"https:\/\/www.rovinj-rovigno.hr\/it\/sanita-politica-sociale-e-sicurezza\/hrvatski-socijalna-politika\/hrvatski-opce-javne-potrebe\/","url":"https:\/\/www.rovinj-rovigno.hr\/it\/sanita-politica-sociale-e-sicurezza\/hrvatski-socijalna-politika\/hrvatski-opce-javne-potrebe\/","name":"Fabbisogni pubblici nel settore dell'assistenza sociale - Citta di Rovinj-Rovigno","isPartOf":{"@id":"https:\/\/www.rovinj-rovigno.hr\/#website"},"datePublished":"2016-12-30T10:36:52+00:00","dateModified":"2020-11-25T15:21:28+00:00","breadcrumb":{"@id":"https:\/\/www.rovinj-rovigno.hr\/it\/sanita-politica-sociale-e-sicurezza\/hrvatski-socijalna-politika\/hrvatski-opce-javne-potrebe\/#breadcrumb"},"inLanguage":"it-IT","potentialAction":[{"@type":"ReadAction","target":["https:\/\/www.rovinj-rovigno.hr\/it\/sanita-politica-sociale-e-sicurezza\/hrvatski-socijalna-politika\/hrvatski-opce-javne-potrebe\/"]}]},{"@type":"BreadcrumbList","@id":"https:\/\/www.rovinj-rovigno.hr\/it\/sanita-politica-sociale-e-sicurezza\/hrvatski-socijalna-politika\/hrvatski-opce-javne-potrebe\/#breadcrumb","itemListElement":[{"@type":"ListItem","position":1,"name":"Po\u010detna stranica","item":"https:\/\/www.rovinj-rovigno.hr\/"},{"@type":"ListItem","position":2,"name":"Zdravlje, socijalna politika i sigurnost","item":"https:\/\/www.rovinj-rovigno.hr\/zdravlje-socijalna-politika-i-sigurnost\/"},{"@type":"ListItem","position":3,"name":"Politica sociale","item":"https:\/\/www.rovinj-rovigno.hr\/it\/sanita-politica-sociale-e-sicurezza\/hrvatski-socijalna-politika\/"},{"@type":"ListItem","position":4,"name":"Fabbisogni pubblici nel settore dell&#8217;assistenza sociale"}]},{"@type":"WebSite","@id":"https:\/\/www.rovinj-rovigno.hr\/#website","url":"https:\/\/www.rovinj-rovigno.hr\/","name":"Citta di Rovinj-Rovigno","description":"Sito ufficiale della Citta di Rovinj-Rovigno","potentialAction":[{"@type":"SearchAction","target":{"@type":"EntryPoint","urlTemplate":"https:\/\/www.rovinj-rovigno.hr\/?s={search_term_string}"},"query-input":"required name=search_term_string"}],"inLanguage":"it-IT"}]}},"_links":{"self":[{"href":"https:\/\/www.rovinj-rovigno.hr\/it\/wp-json\/wp\/v2\/pages\/1013"}],"collection":[{"href":"https:\/\/www.rovinj-rovigno.hr\/it\/wp-json\/wp\/v2\/pages"}],"about":[{"href":"https:\/\/www.rovinj-rovigno.hr\/it\/wp-json\/wp\/v2\/types\/page"}],"author":[{"embeddable":true,"href":"https:\/\/www.rovinj-rovigno.hr\/it\/wp-json\/wp\/v2\/users\/2"}],"replies":[{"embeddable":true,"href":"https:\/\/www.rovinj-rovigno.hr\/it\/wp-json\/wp\/v2\/comments?post=1013"}],"version-history":[{"count":0,"href":"https:\/\/www.rovinj-rovigno.hr\/it\/wp-json\/wp\/v2\/pages\/1013\/revisions"}],"up":[{"embeddable":true,"href":"https:\/\/www.rovinj-rovigno.hr\/it\/wp-json\/wp\/v2\/pages\/829"}],"wp:attachment":[{"href":"https:\/\/www.rovinj-rovigno.hr\/it\/wp-json\/wp\/v2\/media?parent=1013"}],"curies":[{"name":"wp","href":"https:\/\/api.w.org\/{rel}","templated":true}]}}